{"id":749,"date":"2025-05-27T16:18:37","date_gmt":"2025-05-27T14:18:37","guid":{"rendered":"https:\/\/www.gh-r.de\/2025\/?page_id=749"},"modified":"2025-05-28T08:26:11","modified_gmt":"2025-05-28T06:26:11","slug":"blackroll-2","status":"publish","type":"page","link":"https:\/\/www.gh-r.de\/2025\/blackroll-2\/","title":{"rendered":"Blackroll"},"content":{"rendered":"<div class=\"wpb-content-wrapper\"><p>[vc_row][vc_column][vc_custom_heading text=&#8220;BLACKROLL&#8220; font_container=&#8220;tag:h1|font_size:52px|text_align:left|color:%23191C1F&#8220; google_fonts=&#8220;font_family:ABeeZee%3Aregular%2Citalic|font_style:400%20regular%3A400%3Anormal&#8220; css=&#8220;&#8220;][\/vc_column][vc_column][vc_separator css=&#8220;&#8220;][vc_empty_space height=&#8220;60px&#8220;][\/vc_column][\/vc_row][vc_row][vc_column width=&#8220;1\/4&#8243;][vc_column_text css=&#8220;&#8220;]<\/p>\n<h5>Bei uns erhalten Sie folgende Blackroll Artikel und k\u00f6nnen diese direkt vor Ort mitnehmen!<\/h5>\n<p>&nbsp;<\/p>\n<ul>\n<li>Blackroll Kopfkissen<\/li>\n<li>\u00dcberz\u00fcge f\u00fcr Kopfkissen (Jersey in verschiedenen Farben, CLIMATE und ALLERGO)<\/li>\n<li>Faszienrolle TWIN<\/li>\n<li>Faszienb\u00e4lle 08 und 12<\/li>\n<li>Faszienb\u00e4lle TWIN 08 und 12<\/li>\n<\/ul>\n<p>&nbsp;[\/vc_column_text][\/vc_column][vc_column width=&#8220;3\/4&#8243; css=&#8220;.vc_custom_1748413569870{margin-top: -70px !important;}&#8220;]\n\t\t\t\t<p class=\"rs-p-wp-fix\"><\/p>\n\t\t\t\t<sr7-module data-alias=\"slider-2\" data-id=\"4\" id=\"SR7_4_1\" class=\"rs-ov-hidden\" data-version=\"6.7.41\">\n\t\t\t\t\t<sr7-adjuster><\/sr7-adjuster>\n\t\t\t\t\t<sr7-content>\n\t\t\t\t\t\t<sr7-slide id=\"SR7_4_1-10\" data-key=\"10\">\n\t\t\t\t\t\t<\/sr7-slide>\n\t\t\t\t\t\t<sr7-slide id=\"SR7_4_1-11\" data-key=\"11\">\n\t\t\t\t\t\t<\/sr7-slide>\n\t\t\t\t\t<\/sr7-content>\n\t\t\t\t<\/sr7-module>\n\t\t\t\t<script>\n\t\t\t\t\tSR7.PMH ??={}; SR7.PMH[\"SR7_4_1\"] = {cn:100,state:false,fn: function() { if (_tpt!==undefined && _tpt.prepareModuleHeight !== undefined) {  _tpt.prepareModuleHeight({id:\"SR7_4_1\",el:[900,900,768,960,720],type:'standard',shdw:'0',gh:[900,900,743,565,349],gw:[1240,1240,1024,778,480],vpt:['-100px'],size:{fullWidth:false, fullHeight:false},mh:'0',onh:0,onw:0,bg:{color:'{\"orig\":\"transparent\",\"type\":\"solid\",\"string\":\"transparent\"}'}});   SR7.PMH[\"SR7_4_1\"].state=true;} else if(SR7.PMH[\"SR7_4_1\"].cn-->0)\tsetTimeout( SR7.PMH[\"SR7_4_1\"].fn,19);}};SR7.PMH[\"SR7_4_1\" ].fn();\n\t\t\t\t<\/script>\n[\/vc_column][\/vc_row]<\/p>\n<\/div>","protected":false},"excerpt":{"rendered":"<p>[vc_row][vc_column][vc_custom_heading text=&#8220;BLACKROLL&#8220; font_container=&#8220;tag:h1|font_size:52px|text_align:left|color:%23191C1F&#8220; google_fonts=&#8220;font_family:ABeeZee%3Aregular%2Citalic|font_style:400%20regular%3A400%3Anormal&#8220; css=&#8220;&#8220;][\/vc_column][vc_column][vc_separator css=&#8220;&#8220;][vc_empty_space height=&#8220;60px&#8220;][\/vc_column][\/vc_row][vc_row][vc_column width=&#8220;1\/4&#8243;][vc_column_text css=&#8220;&#8220;] Bei uns erhalten Sie folgende Blackroll Artikel und k\u00f6nnen diese direkt vor Ort mitnehmen! &nbsp; Blackroll Kopfkissen \u00dcberz\u00fcge f\u00fcr Kopfkissen (Jersey in verschiedenen Farben, CLIMATE und ALLERGO) Faszienrolle TWIN Faszienb\u00e4lle 08 und 12 Faszienb\u00e4lle TWIN 08 und 12 &nbsp;[\/vc_column_text][\/vc_column][vc_column width=&#8220;3\/4&#8243; css=&#8220;.vc_custom_1748413569870{margin-top: -70px !important;}&#8220;][\/vc_column][\/vc_row]<\/p>\n","protected":false},"author":1,"featured_media":0,"parent":0,"menu_order":0,"comment_status":"closed","ping_status":"closed","template":"one-page-template.php","meta":{"footnotes":""},"class_list":["post-749","page","type-page","status-publish","hentry"],"_links":{"self":[{"href":"https:\/\/www.gh-r.de\/2025\/wp-json\/wp\/v2\/pages\/749","targetHints":{"allow":["GET"]}}],"collection":[{"href":"https:\/\/www.gh-r.de\/2025\/wp-json\/wp\/v2\/pages"}],"about":[{"href":"https:\/\/www.gh-r.de\/2025\/wp-json\/wp\/v2\/types\/page"}],"author":[{"embeddable":true,"href":"https:\/\/www.gh-r.de\/2025\/wp-json\/wp\/v2\/users\/1"}],"replies":[{"embeddable":true,"href":"https:\/\/www.gh-r.de\/2025\/wp-json\/wp\/v2\/comments?post=749"}],"version-history":[{"count":14,"href":"https:\/\/www.gh-r.de\/2025\/wp-json\/wp\/v2\/pages\/749\/revisions"}],"predecessor-version":[{"id":765,"href":"https:\/\/www.gh-r.de\/2025\/wp-json\/wp\/v2\/pages\/749\/revisions\/765"}],"wp:attachment":[{"href":"https:\/\/www.gh-r.de\/2025\/wp-json\/wp\/v2\/media?parent=749"}],"curies":[{"name":"wp","href":"https:\/\/api.w.org\/{rel}","templated":true}]}}